{"id":15500,"date":"2015-11-22T13:45:38","date_gmt":"2015-11-22T13:45:38","guid":{"rendered":"https:\/\/bigteam.info\/ro\/kezdolap\/"},"modified":"2019-03-03T09:49:10","modified_gmt":"2019-03-03T08:49:10","slug":"kezdolap","status":"publish","type":"page","link":"https:\/\/bigteam.info\/ro\/","title":{"rendered":"Acas\u0103"},"content":{"rendered":"<p>[vc_row row_type=&#8221;row&#8221; use_row_as_full_screen_section=&#8221;no&#8221; type=&#8221;full_width&#8221; angled_section=&#8221;no&#8221; text_align=&#8221;left&#8221; background_image_as_pattern=&#8221;without_pattern&#8221; css_animation=&#8221;&#8221;][vc_column][vc_column_text]    <video id=\"videojs6a04636133cc6\" class=\"video-js vjs-default-skin\" controls preload=\"auto\" autoplay poster=\"\/wp-content\/uploads\/video\/Miert_a_Forever.png\" data-setup='{\"fluid\": true}'>\r\n        <source src=\"\/wp-content\/uploads\/2016\/05\/fbo_promo_bigteam_ro.mp4\" type=\"video\/mp4\" \/>\r\n    <\/video>\r\n            <style>\r\n        #videojs6a04636133cc6 {\r\n            max-width:854px;   \r\n        }\r\n        <\/style>.[\/vc_column_text][\/vc_column][\/vc_row][vc_row row_type=&#8221;row&#8221; use_row_as_full_screen_section=&#8221;no&#8221; type=&#8221;full_width&#8221; angled_section=&#8221;no&#8221; text_align=&#8221;left&#8221; background_image_as_pattern=&#8221;without_pattern&#8221; background_color=&#8221;#555553&#8243; css_animation=&#8221;&#8221; css=&#8221;.vc_custom_1448491102361{padding-top: 35px !important;padding-bottom: 30px !important;}&#8221;][vc_column][vc_column_text css=&#8221;.vc_custom_1452720094930{padding-right: 20px !important;padding-left: 20px !important;}&#8221; el_class=&#8221;whitetext&#8221;]<\/p>\n<p style=\"text-align: center; font-size: 24px;\"><em><strong><span style=\"color: #003366;\">\u201d<\/span>Noi construim un mediu fructuos \u00een care indivizii pot deveni ceea ce vor p\u0103str\u00e2nd \u00een acela\u0219i timp \u0219i demnitatea.\u201d<\/strong><\/em><\/p>\n<p>[\/vc_column_text][\/vc_column][\/vc_row][vc_row row_type=&#8221;row&#8221; use_row_as_full_screen_section=&#8221;no&#8221; type=&#8221;grid&#8221; angled_section=&#8221;no&#8221; text_align=&#8221;left&#8221; background_image_as_pattern=&#8221;without_pattern&#8221; css_animation=&#8221;element_from_left&#8221; css=&#8221;.vc_custom_1448438814976{padding-top: 30px !important;padding-bottom: 15px !important;}&#8221;][vc_column width=&#8221;1\/2&#8243;][vc_video link=&#8221;https:\/\/www.youtube.com\/watch?v=f6syKrM5KDE&#8221;][\/vc_column][vc_column width=&#8221;1\/2&#8243;][vc_column_text]<\/p>\n<h3 style=\"text-align: center;\"><span style=\"color: #000080;\">Aloe Vera &#8211; Minunea naturii<\/span><\/h3>\n<p>&nbsp;<\/p>\n<p style=\"text-align: justify;\"><span style=\"color: #000080;\">\u201cDe mii de ani este prietenul omului. Fie vorba despre problemele imb\u0103tr\u00e2nirii, sau despre p\u0103strarea atrac\u021biei tinere\u021bii: este un partener extraordinar! Reprezint\u0103 elixirul corpului, respectiv al sufletului. Singurul \u021bel al tr\u0103irii este de a ajuta pe al\u021bii.\u201d \u2013 scrie \u00een prezentarea c\u0103r\u021bii <em>Aloe Vera <\/em><em>\u2013 Cea mai cunoscut\u0103 plant\u0103 medicinal<\/em><em>\u0103 a secolului XXI.<\/em><\/span><\/p>\n<p style=\"text-align: justify;\"><span style=\"color: #000080;\">Datorit\u0103 firmei Forever Living Products, \u00een zilele de azi putem beneficia de efectele unice ale plantei Aloe Vera \u00een ap<\/span>roape 160 de \u021b\u0103ri.<\/p>\n<p>[\/vc_column_text][\/vc_column][\/vc_row][vc_row row_type=&#8221;row&#8221; use_row_as_full_screen_section=&#8221;no&#8221; type=&#8221;grid&#8221; angled_section=&#8221;no&#8221; text_align=&#8221;left&#8221; background_image_as_pattern=&#8221;without_pattern&#8221; background_color=&#8221;#bbc6c8&#8243; css_animation=&#8221;element_from_right&#8221; css=&#8221;.vc_custom_1448455088996{padding-top: 30px !important;padding-bottom: 15px !important;}&#8221;][vc_column width=&#8221;1\/2&#8243;][vc_column_text el_class=&#8221;bluetext&#8221;]<\/p>\n<h3 style=\"text-align: justify;\"><span style=\"color: #000080;\">Robert T. Kyosaki\u00a0<\/span><\/h3>\n<p>&nbsp;<\/p>\n<p style=\"text-align: justify;\"><span style=\"color: #000080;\">zeci de millioane de oameni \u0219i-au schimbat ideea despre bani. \u00cen \u00eentreaga lumea este considerat ambasadorul unic al antrenamentelor financiare.<\/span><\/p>\n<p style=\"text-align: justify;\"><span style=\"color: #000080;\">Ce considera\u021bi cea mai bun\u0103 afacere a secolului XXI.? Cui \u00eei oferi\u021bi aceast\u0103 oportunitate de afacere?<\/span><\/p>\n<p style=\"text-align: justify;\"><span style=\"color: #000080;\">Din filmule\u021bul \u00a0al\u0103turat o s\u0103 afla\u021bi imediat!<\/span><\/p>\n<p>[\/vc_column_text][\/vc_column][vc_column width=&#8221;1\/2&#8243;][vc_video link=&#8221;https:\/\/www.youtube.com\/watch?v=S_P0pVyX1eU&#8221;][\/vc_column][\/vc_row][vc_row row_type=&#8221;row&#8221; use_row_as_full_screen_section=&#8221;no&#8221; type=&#8221;grid&#8221; angled_section=&#8221;no&#8221; text_align=&#8221;left&#8221; background_image_as_pattern=&#8221;without_pattern&#8221; css_animation=&#8221;element_from_left&#8221; css=&#8221;.vc_custom_1448438837049{padding-top: 30px !important;padding-bottom: 15px !important;}&#8221;][vc_column width=&#8221;1\/2&#8243;][vc_video link=&#8221;https:\/\/www.youtube.com\/watch?v=xSh4I739ssw&#8221;][\/vc_column][vc_column width=&#8221;1\/2&#8243;][vc_column_text]<\/p>\n<h3 style=\"text-align: center;\"><span style=\"color: #000080;\">MLM? Jocuri piramidale? Marketing-ul cu recomandare?<\/span><\/h3>\n<p>&nbsp;<\/p>\n<p style=\"text-align: justify;\"><span style=\"color: #000080;\">In filmule\u021bul dragu\u021b al\u0103turat ve\u021bi g\u0103si r\u0103spunsuri la cele mai frecvente \u00eentreb\u0103ri de care v\u0103 \u00eent\u00e2mpina\u021bi. V\u0103 explic\u0103 \u00eentr-un mod excep\u021bional \u0219i simplu ideea principal\u0103 a marketing-ului cu recomandare.<\/span><\/p>\n<p style=\"text-align: justify;\"><span style=\"color: #000080;\">Sper\u0103m c\u0103 filmule\u021bul acesta ne va ajuta s\u0103 v\u0103 oferim o imagine clar\u0103 asupra stilului acesta de via\u021b\u0103, iar Dvs. o s\u0103 ave\u021bi dreptul de a avea o p\u0103rere personal\u0103, dar cu toate acestea marketing-ul cu recomandare este una dintre cele mai promi\u021b\u0103toare oportunit\u0103\u021bi de afacere din zilele noastre!<\/span><\/p>\n<p>[\/vc_column_text][\/vc_column][\/vc_row][vc_row row_type=&#8221;row&#8221; use_row_as_full_screen_section=&#8221;no&#8221; type=&#8221;grid&#8221; angled_section=&#8221;no&#8221; text_align=&#8221;left&#8221; background_image_as_pattern=&#8221;without_pattern&#8221; background_color=&#8221;#bbc6c8&#8243; css_animation=&#8221;element_from_right&#8221; css=&#8221;.vc_custom_1448455315431{padding-top: 30px !important;padding-bottom: 15px !important;}&#8221;][vc_column width=&#8221;1\/2&#8243;][vc_column_text]<\/p>\n<h3 style=\"text-align: justify;\"><span style=\"color: #000080;\"><strong>Visul t\u0103u \u2013 planul nostru<\/strong><\/span><\/h3>\n<p>&nbsp;<\/p>\n<p><span style=\"color: #000080;\">Ai dori s\u0103 schimbi via\u021ba? Ai \u00eenc\u0103 dorin\u021be sau vise ne\u00eemplinite? Aspiri c\u0103tre libertate \u0219i independen\u021b\u0103? Firma Forever Living Products i\u021bi ofer\u0103 oportunit\u0103\u021bi cu care nu te \u00eent\u00e2lne\u0219ti \u00een alte p\u0103r\u021bi. S\u0103n\u0103tate \u0219i independen\u021b\u0103 financiar\u0103!<\/span><\/p>\n<p><span style=\"color: #000080;\">Sper\u0103m c\u0103 \u0219i Dvs. v\u0103 place aceast\u0103 afacere g\u00e2ndit\u0103 genial, dar \u00een acela\u0219i timp foarte simpl\u0103, care v\u0103 ofer\u0103 oportunit\u0103\u021bi nelimitate cu ajutorul c\u0103rora cu to\u021bii vom putea s\u0103 avem o via\u021b\u0103 despre care \u00eentotdeauna visam.<\/span><\/p>\n<p>[\/vc_column_text][\/vc_column][vc_column width=&#8221;1\/2&#8243;]    <video id=\"videojs6a04636133cdc\" class=\"video-js vjs-default-skin\" controls preload=\"auto\" data-setup='{\"fluid\": true}'>\r\n        <source src=\"https:\/\/bigteam.info\/wp-content\/uploads\/2016\/03\/Oportunitatea-Forevervia-torchbrowser.com_.mp4\" type=\"video\/mp4\" \/>\r\n    <\/video>\r\n    [\/vc_column][\/vc_row][vc_row row_type=&#8221;row&#8221; use_row_as_full_screen_section=&#8221;no&#8221; type=&#8221;grid&#8221; angled_section=&#8221;no&#8221; text_align=&#8221;left&#8221; background_image_as_pattern=&#8221;without_pattern&#8221; css_animation=&#8221;element_from_left&#8221; css=&#8221;.vc_custom_1448438861953{padding-top: 30px !important;padding-bottom: 15px !important;}&#8221;][vc_column width=&#8221;1\/2&#8243;][vc_video link=&#8221;https:\/\/www.youtube.com\/watch?v=YXf1UIvCk_o&amp;feature=youtu.be&#8221;][\/vc_column][vc_column width=&#8221;1\/2&#8243;][vc_column_text]<\/p>\n<h3><span style=\"color: #000080;\"><strong>Decizii,<\/strong><\/span><\/h3>\n<p>&nbsp;<\/p>\n<p><span style=\"color: #000080;\">care definesc via\u021ba noastr\u0103. Sunt sigur c\u0103 acest filmule\u021b al\u0103turat te va ajuta \u0219i pe tine s\u0103 faci o decizie potrivit\u0103.<\/span>[\/vc_column_text][\/vc_column][\/vc_row][vc_row row_type=&#8221;row&#8221; use_row_as_full_screen_section=&#8221;no&#8221; type=&#8221;full_width&#8221; anchor=&#8221;regisztracio&#8221; angled_section=&#8221;no&#8221; text_align=&#8221;left&#8221; background_image_as_pattern=&#8221;without_pattern&#8221; background_color=&#8221;#555553&#8243; css_animation=&#8221;element_from_top&#8221; css=&#8221;.vc_custom_1452721988269{margin-right: 20px !important;margin-bottom: 20px !important;margin-left: 20px !important;padding-top: 35px !important;padding-bottom: 30px !important;}&#8221; el_class=&#8221;csatlakozzdiv&#8221;][vc_column][vc_column_text el_class=&#8221;whitetext&#8221; css=&#8221;.vc_custom_1452722129818{margin-right: 20px !important;margin-left: 20px !important;}&#8221;]<\/p>\n<h2 style=\"text-align: center;\"><span style=\"color: #003366;\">Al\u0103tur\u0103-te de noi!<\/span><\/h2>\n<h4 style=\"text-align: justify;\"><\/h4>\n<p>&nbsp;<\/p>\n<h4 style=\"text-align: center;\">Caut\u0103 persoana care \u021bi-a povestit de aceast\u0103 afacere, iar el\/ea te va ajuta s\u0103 te \u00eenregistrezi \u0219i s\u0103 faci cump\u0103r\u0103turi la un pre\u021b mai avantajos.<\/h4>\n<p>&nbsp;<\/p>\n<h4>Un sigur lucru \u00ee\u021bi putem garanta din start: echipa \u00a0<a style=\"color: #003366;\" href=\"https:\/\/bigteam.info\/wp-content\/uploads\/2015\/11\/f-logo-m.png\" rel=\"attachment wp-att-15528\"><img loading=\"lazy\" class=\"alignnone wp-image-15528\" src=\"https:\/\/bigteam.info\/wp-content\/uploads\/2015\/11\/f-logo-m-300x68.png\" alt=\"f-logo-m\" width=\"83\" height=\"19\" srcset=\"https:\/\/bigteam.info\/wp-content\/uploads\/2015\/11\/f-logo-m-300x68.png 300w, https:\/\/bigteam.info\/wp-content\/uploads\/2015\/11\/f-logo-m-345x80.png 345w, https:\/\/bigteam.info\/wp-content\/uploads\/2015\/11\/f-logo-m.png 355w\" sizes=\"(max-width: 83px) 100vw, 83px\" \/><\/a>\u00a0 \u0219i \u00a0\u00a0<a style=\"color: #003366;\" href=\"https:\/\/bigteam.info\/wp-content\/uploads\/2015\/11\/logo_bigteam.png\" rel=\"attachment wp-att-11\"><img loading=\"lazy\" class=\"alignnone wp-image-11\" src=\"https:\/\/bigteam.info\/wp-content\/uploads\/2015\/11\/logo_bigteam-300x84.png\" alt=\"logo_bigteam\" width=\"57\" height=\"16\" srcset=\"https:\/\/bigteam.info\/wp-content\/uploads\/2015\/11\/logo_bigteam-300x84.png 300w, https:\/\/bigteam.info\/wp-content\/uploads\/2015\/11\/logo_bigteam-700x195.png 700w, https:\/\/bigteam.info\/wp-content\/uploads\/2015\/11\/logo_bigteam.png 702w\" sizes=\"(max-width: 57px) 100vw, 57px\" \/><\/a>\u00a0te va ajuta la maxim s\u0103 ti-le atingi \u021belurile!<\/h4>\n<h4 style=\"text-align: center;\"><span style=\"color: #003366;\">\u00a0<\/span><\/h4>\n<p>[\/vc_column_text][\/vc_column][\/vc_row][vc_row row_type=&#8221;row&#8221; use_row_as_full_screen_section=&#8221;no&#8221; type=&#8221;grid&#8221; angled_section=&#8221;no&#8221; text_align=&#8221;left&#8221; background_image_as_pattern=&#8221;without_pattern&#8221; css_animation=&#8221;element_from_left&#8221; css=&#8221;.vc_custom_1450701776985{padding-top: 15px !important;padding-bottom: 30px !important;}&#8221;][vc_column width=&#8221;1\/6&#8243;][\/vc_column][vc_column width=&#8221;1\/6&#8243;][\/vc_column][\/vc_row][vc_row row_type=&#8221;row&#8221; use_row_as_full_screen_section=&#8221;no&#8221; type=&#8221;grid&#8221; angled_section=&#8221;no&#8221; text_align=&#8221;left&#8221; background_image_as_pattern=&#8221;without_pattern&#8221; css_animation=&#8221;&#8221; css=&#8221;.vc_custom_1452345850411{margin-bottom: 20px !important;}&#8221;][vc_column width=&#8221;1\/2&#8243;][vc_column_text]<\/p>\n<h2 style=\"text-align: center;\"><span style=\"color: #000080;\"><strong>Autentificare<\/strong><\/span><\/h2>\n<p>&nbsp;<\/p>\n<p style=\"text-align: justify;\"><span style=\"color: #000080;\">Urm\u0103toarele informa\u021bii sunt accesibile doar membrilor \u00eenregistra\u021bi ai echipei <a style=\"color: #000080;\" href=\"https:\/\/bigteam.info\/wp-content\/uploads\/2015\/11\/logo_bigteam.png\" rel=\"attachment wp-att-11\"><img loading=\"lazy\" class=\"alignnone wp-image-11\" src=\"https:\/\/bigteam.info\/wp-content\/uploads\/2015\/11\/logo_bigteam-300x84.png\" alt=\"logo_bigteam\" width=\"59\" height=\"16\" srcset=\"https:\/\/bigteam.info\/wp-content\/uploads\/2015\/11\/logo_bigteam-300x84.png 300w, https:\/\/bigteam.info\/wp-content\/uploads\/2015\/11\/logo_bigteam-700x195.png 700w, https:\/\/bigteam.info\/wp-content\/uploads\/2015\/11\/logo_bigteam.png 702w\" sizes=\"(max-width: 59px) 100vw, 59px\" \/><\/a>.<\/span><\/p>\n<p style=\"text-align: justify;\"><span style=\"color: #000080;\">\u00cen situa\u021bia \u00een care e\u0219ti deja membru \u00eenregistrat al acestei pagini (ai complectat Formularul de \u00cenregistrare), atunci logheaz\u0103-te cu username \u0219i parola, apoi clic pe Autentificare.<\/span><\/p>\n<p style=\"text-align: justify;\"><span style=\"color: #000080;\">Dac\u0103 e\u0219ti membru al echipei BigTeam, dar nu ai \u00eenc\u0103 cont pe aceast\u0103 pagin\u0103, apas\u0103 butonul \u00cenregistrare.<\/span><\/p>\n<p>&nbsp;<\/p>\n<p>\t\t<script type=\"text\/javascript\">\r\n\t\t\tfunction closeMessage(){jQuery('.error_wid_login').hide();}\r\n\t\t<\/script>\r\n\t\t\t<div id=\"log_forms\">\r\n\t\t<form name=\"login\" id=\"login\" method=\"post\" action=\"\">\r\n\t\t<input type=\"hidden\" name=\"option\" value=\"afo_user_login\" \/>\r\n\t\t<input type=\"hidden\" name=\"redirect\" value=\"https:\/\/bigteam.info\/ro\/kezdolap-belso\/\" \/>\r\n\t\t<div class=\"form-group\">\r\n\t\t\t<label for=\"username\">Username <\/label>\r\n\t\t\t<input type=\"text\" name=\"user_username\" required=\"required\"\/>\r\n\t\t<\/div>\r\n\t\t<div class=\"form-group\">\r\n\t\t\t<label for=\"password\">Password <\/label>\r\n\t\t\t<input type=\"password\" name=\"user_password\" required=\"required\"\/>\r\n\t\t<\/div>\r\n        \t\t<div class=\"form-group pull-right\">\r\n\t\t\t<a href=\"https:\/\/bigteam.info\/ro\/elfelejtett-jelszo\/\">Lost Password?<\/a>\t\t<\/div>\r\n\t\t<div class=\"form-group\">\r\n\t\t\t<label for=\"remember\"> Remember Me<\/label>  <input type=\"checkbox\" name=\"remember\" value=\"Yes\" \/>\t\t<\/div>\r\n\t\t<div class=\"form-group\"><label for=\"login\">&nbsp;<\/label><input name=\"login\" type=\"submit\" value=\"Login\" \/><\/div>\r\n\t\t<\/form>\r\n\t\t<\/div>\r\n\t\t[\/vc_column_text][\/vc_column][vc_column width=&#8221;1\/2&#8243;][vc_column_text]<\/p>\n<h2 style=\"text-align: center;\"><strong><span style=\"color: #000080;\">\u00cenregistreaz\u0103-te aici!<\/span><\/strong><\/h2>\n<h3 style=\"text-align: left;\"><\/h3>\n<p>&nbsp;<\/p>\n<p style=\"text-align: left;\"><span style=\"color: #000080;\">Te felicit pentru decizie \u0219i bun venit \u00een echipa<\/span>\u00a0<a style=\"color: #003366;\" href=\"https:\/\/bigteam.info\/wp-content\/uploads\/2015\/11\/logo_bigteam.png\" rel=\"attachment wp-att-11\"><img loading=\"lazy\" class=\"alignnone wp-image-11\" src=\"https:\/\/bigteam.info\/wp-content\/uploads\/2015\/11\/logo_bigteam-300x84.png\" alt=\"logo_bigteam\" width=\"68\" height=\"19\" srcset=\"https:\/\/bigteam.info\/wp-content\/uploads\/2015\/11\/logo_bigteam-300x84.png 300w, https:\/\/bigteam.info\/wp-content\/uploads\/2015\/11\/logo_bigteam-700x195.png 700w, https:\/\/bigteam.info\/wp-content\/uploads\/2015\/11\/logo_bigteam.png 702w\" sizes=\"(max-width: 68px) 100vw, 68px\" \/><\/a><span style=\"color: #000080;\">!<\/span><\/p>\n<p style=\"text-align: justify;\"><span style=\"color: #000080;\">Clic pe butonul \u00cenregistrare \u0219i complecteaz\u0103 formularul de mai jos. <\/span><\/p>\n<p style=\"text-align: justify;\"><strong><span style=\"color: #000080;\">IMPORTANT: <\/span><\/strong><\/p>\n<ul>\n<li style=\"text-align: justify;\"><span style=\"color: #000080;\">Membru deplin devii dup\u0103 verificarea datelor personale \u0219i vei avea acces la paginile destinate echipei BigTeam. <\/span><\/li>\n<li style=\"text-align: justify;\"><span style=\"color: #000080;\">Informa\u021biile de pe aceste pagini au fost realizate pentru membri echipei Nagy Kati, din acest motiv accesul la paginile \u00eenchise se face pe baza apartenen\u021bei la aceast\u0103 echip\u0103. <\/span><\/li>\n<li style=\"text-align: justify;\"><span style=\"color: #000080;\">Prin e-mail \u00ee\u021bi confirm\u0103m \u00eenregistrarea \u0219i validarea contul t\u0103u. <\/span><\/li>\n<\/ul>\n<p><span style=\"color: #000080;\">\u00cen cazul \u00een care ai nevoie de ajutor, caut\u0103 persoana care te-a \u00eendrumat spre aceste pagini \u0219i vei fi ghidat cu succes. \u00a0 \u00a0 \u00a0 \u00a0 \u00a0 \u00a0 \u00a0 \u00a0 \u00a0 \u00a0 \u00a0 \u00a0 \u00a0 <\/span><\/p>\n<p><span style=\"color: #000080;\">Studiaz\u0103, \u00eenva\u021b\u0103 \u0219i croie\u0219te-\u021bi drumul t\u0103u spre succes!<\/span><\/p>\n<p>&nbsp;<\/p>\n<p><a class=\"gombocska\" href=\"\/ro\/inregistrare\/\">Inregistrane<\/a>[\/vc_column_text][\/vc_column][\/vc_row][vc_row row_type=&#8221;row&#8221; use_row_as_full_screen_section=&#8221;no&#8221; type=&#8221;full_width&#8221; angled_section=&#8221;no&#8221; text_align=&#8221;left&#8221; background_image_as_pattern=&#8221;without_pattern&#8221; css_animation=&#8221;&#8221; css=&#8221;.vc_custom_1448235122206{margin-bottom: 30px !important;}&#8221;][vc_column][vc_separator type=&#8221;normal&#8221;][\/vc_column][\/vc_row]<\/p>\n","protected":false},"excerpt":{"rendered":"<p>[vc_row row_type=&#8221;row&#8221; use_row_as_full_screen_section=&#8221;no&#8221; type=&#8221;full_width&#8221; angled_section=&#8221;no&#8221; text_align=&#8221;left&#8221; background_image_as_pattern=&#8221;without_pattern&#8221; css_animation=&#8221;&#8221;][vc_column][vc_column_text].[\/vc_column_text][\/vc_column][\/vc_row][vc_row row_type=&#8221;row&#8221; use_row_as_full_screen_section=&#8221;no&#8221; type=&#8221;full_width&#8221; angled_section=&#8221;no&#8221; text_align=&#8221;left&#8221; background_image_as_pattern=&#8221;without_pattern&#8221; background_color=&#8221;#555553&#8243; css_animation=&#8221;&#8221; css=&#8221;.vc_custom_1448491102361{padding-top: 35px !important;padding-bottom: 30px !important;}&#8221;][vc_column][vc_column_text css=&#8221;.vc_custom_1452720094930{padding-right: 20px !important;padding-left: 20px !important;}&#8221; el_class=&#8221;whitetext&#8221;] \u201dNoi construim un mediu fructuos \u00een care indivizii pot deveni ceea ce vor p\u0103str\u00e2nd \u00een acela\u0219i timp \u0219i&#8230;<\/p>\n","protected":false},"author":1,"featured_media":0,"parent":0,"menu_order":48,"comment_status":"closed","ping_status":"closed","template":"full_width.php","meta":[],"_links":{"self":[{"href":"https:\/\/bigteam.info\/ro\/wp-json\/wp\/v2\/pages\/15500"}],"collection":[{"href":"https:\/\/bigteam.info\/ro\/wp-json\/wp\/v2\/pages"}],"about":[{"href":"https:\/\/bigteam.info\/ro\/wp-json\/wp\/v2\/types\/page"}],"author":[{"embeddable":true,"href":"https:\/\/bigteam.info\/ro\/wp-json\/wp\/v2\/users\/1"}],"replies":[{"embeddable":true,"href":"https:\/\/bigteam.info\/ro\/wp-json\/wp\/v2\/comments?post=15500"}],"version-history":[{"count":62,"href":"https:\/\/bigteam.info\/ro\/wp-json\/wp\/v2\/pages\/15500\/revisions"}],"predecessor-version":[{"id":17952,"href":"https:\/\/bigteam.info\/ro\/wp-json\/wp\/v2\/pages\/15500\/revisions\/17952"}],"wp:attachment":[{"href":"https:\/\/bigteam.info\/ro\/wp-json\/wp\/v2\/media?parent=15500"}],"curies":[{"name":"wp","href":"https:\/\/api.w.org\/{rel}","templated":true}]}}