{"id":15875,"date":"2016-01-07T22:40:11","date_gmt":"2016-01-07T21:40:11","guid":{"rendered":"https:\/\/bigteam.info\/ro\/?page_id=15875"},"modified":"2019-03-03T09:49:17","modified_gmt":"2019-03-03T08:49:17","slug":"inregistrare","status":"publish","type":"page","link":"https:\/\/bigteam.info\/ro\/inregistrare\/","title":{"rendered":"\u00cenregistrare"},"content":{"rendered":"<p>&nbsp;<\/p>\n<h2 align=\"center\"><span style=\"color: #000080;\">\u00cenregistrare<\/span><\/h2>\n<p>&nbsp;<\/p>\n<p><span style=\"color: #000080;\"><strong>Bun venit! Te rog, complecteaz\u0103 formularul de mai jos. \u00cen cazul \u00een care nu \u00eentelegi un lucru, apeleaz\u0103 cu \u00eencredere la persoana care te \u00eendrum\u0103 direct \u0219i vei fi ajutat.<\/strong><\/span><\/p>\n<p><span style=\"color: #000080;\"><strong>Dup\u0103 complectare prime\u0219ti un e-mail de confirmare, verific\u0103.<\/strong><\/span><\/p>\n<p style=\"text-align: justify;\"><span style=\"color: #000080;\"><strong>Dup\u0103 validarea datelor din formularul de mai jos, managerul t\u0103u selectat, \u00ee\u021bi faciliteaz\u0103 logarea pe paginile destinate echipei BigTeam ( detalii prin e-mail).<\/strong><\/span><\/p>\n<p style=\"text-align: justify;\"><span style=\"color: #ff0000;\"><strong>IMPORTANT !\u00a0 Complecteaz\u0103 corect adresa ta de e-mail.<\/strong><\/span><\/p>\n<p><span style=\"color: #000080;\"><strong>Apoi, te vei putea <i>autentifica <\/i>cu username \u0219i parola complectate \u00een Formularul de \u00cenregistrare de mai jos!<\/strong><\/span><\/p>\n<p><span style=\"color: #000080;\"><strong>S\u0103n\u0103tate \u0219i mult success!<\/strong><\/span><\/p>\n<p>&nbsp;<\/p>\n<div class=\"vc_col-sm-8 vc_col-sm-offset-2\"><div class=\"registrationform formtable vc_row\">\r\n        <form action=\"\/ro\/wp-json\/wp\/v2\/pages\/15875\" method=\"post\">\r\n\t    <div class=\"clearfix\">\t\t\r\n            <label class=\"vc_col-sm-4\" for=\"lname\">Nume <span class=\"redstar\">*<\/span><\/label>\r\n            <div class=\"vc_col-sm-8\"><input type=\"text\" name=\"lname\" value=\"\" required><\/div>\r\n\t    <\/div>\t\r\n\r\n\t    <div class=\"clearfix\">\t\t\r\n            <label class=\"vc_col-sm-4\" for=\"fname\">Prenume <span class=\"redstar\">*<\/span><\/label>\r\n            <div class=\"vc_col-sm-8\"><input type=\"text\" name=\"fname\" value=\"\" required><\/div>\r\n\t    <\/div>\t\r\n\r\n\t    <div class=\"clearfix\">\t\t\r\n            <label class=\"vc_col-sm-4\" for=\"phone\">Telefon <span class=\"redstar\">*<\/span><\/label>\r\n            <div class=\"vc_col-sm-8\"><input type=\"text\" name=\"phone\" value=\"\" required><\/div>\r\n\t    <\/div>\t\r\n\r\n\t    <div class=\"clearfix\">\r\n            <label class=\"vc_col-sm-4\" for=\"email\">E-mail <span class=\"redstar\">*<\/span><\/label>\r\n            <div class=\"vc_col-sm-8\"><input type=\"text\" name=\"email\" value=\"\" required><\/div>\r\n\t    <\/div>\t\r\n\r\n\t    <div class=\"clearfix\">\r\n            <label class=\"vc_col-sm-4\" for=\"country\">Tara <span class=\"redstar\">*<\/span><\/label>\r\n            <div class=\"vc_col-sm-8\"><input type=\"text\" name=\"country\" value=\"\" required><\/div>\r\n\t    <\/div>\t\r\n\r\n\t    <div class=\"clearfix\">\r\n            <label class=\"vc_col-sm-4\" for=\"zipcode\">Cod postal <span class=\"redstar\">*<\/span><\/label>\r\n            <div class=\"vc_col-sm-8\"><input type=\"text\" name=\"zipcode\" value=\"\" required><\/div>\r\n\t    <\/div>\t\r\n\r\n\t    <div class=\"clearfix\">\r\n            <label class=\"vc_col-sm-4\" for=\"city\">Oras <span class=\"redstar\">*<\/span><\/label>\r\n            <div class=\"vc_col-sm-8\"><input type=\"text\" name=\"city\" value=\"\" required><\/div>\r\n\t    <\/div>\t\r\n\r\n\t    <div class=\"clearfix\">\r\n            <label class=\"vc_col-sm-4\" for=\"address\">Adresa (strada, num\u0103r, etc) <span class=\"redstar\">*<\/span><\/label>\r\n            <div class=\"vc_col-sm-8\"><input type=\"text\" name=\"address\" value=\"\" required><\/div>\r\n\t    <\/div>\t\r\n\r\n\t    <div class=\"clearfix\">\r\n            <label class=\"vc_col-sm-4\" for=\"address\">FBO ID <span class=\"redstar\">*<\/span><\/label>\r\n            <div class=\"vc_col-sm-8\"><input type=\"text\" name=\"flpregszam\" value=\"\" required><\/div>\r\n\t    <\/div>\t\r\n\r\n\t    <div class=\"clearfix\">\r\n            <label class=\"vc_col-sm-4\" for=\"flpszint\">Nivel \u00een planul de marketing <span class=\"redstar\">*<\/span><\/label>\r\n            <div class=\"vc_col-sm-8\"><select name=\"flpszint\" required>\r\n                <option value=\"\"> -- K\u00e9rem v\u00e1llasszon a list\u00e1b\u00f3l -- <\/option>\r\n            <option value=\"\u00faj v\u00e1s\u00e1rl\u00f3\">\u00faj v\u00e1s\u00e1rl\u00f3<\/option><option value=\"assistant supervisor\">assistant supervisor<\/option><option value=\"supervisor\">supervisor<\/option><option value=\"assistant manager\">assistant manager<\/option><option value=\"manager\">manager<\/option><option value=\"senior manager\">senior manager<\/option><option value=\"soaring manager\">soaring manager<\/option>\r\n                <\/select><\/div>\r\n                \t    <\/div>\t\r\n\r\n\t    <div class=\"clearfix\">\r\n            <label class=\"vc_col-sm-4\" for=\"szponzor\">Sponsor <span class=\"redstar\">*<\/span><\/label>\r\n            <div class=\"vc_col-sm-8\"><input type=\"text\" name=\"szponzor\" value=\"\" required><\/div>\r\n\t    <\/div>\t\r\n\r\n\t    <div class=\"clearfix\">\r\n            <label class=\"vc_col-sm-4\" for=\"manager\">Selecteaz\u0103 Managerul t\u0103u <span class=\"redstar\">*<\/span><\/label>\r\n            <div class=\"vc_col-sm-8\"><select name=\"manager\">\r\n                <option value=\"-1\"> -- K\u00e9rem v\u00e1llasszon a list\u00e1b\u00f3l -- <\/option><option value=\"22\">Balog David<\/option><option value=\"36\">B\u00e9k\u00e9sin\u00e9 L\u00e9vai \u00c9va<\/option><option value=\"59\">Csat\u00f3 Csab\u00e1n\u00e9<\/option><option value=\"54\">Csontos G\u00e1bor<\/option><option value=\"14\">Dr Horv\u00e1th Csab\u00e1n\u00e9<\/option><option value=\"1080\">Dr Hud\u00e1k Adrienn<\/option><option value=\"18\">Dr. T\u00f3th-Baranyi Zsuzsanna<\/option><option value=\"8\">Dr. Bagoly Ibolya<\/option><option value=\"25\">Dr. N\u00e9meth Endre<\/option><option value=\"39\">dr.Csisztu Attila<\/option><option value=\"72\">Enyedi S\u00e1ndorn\u00e9<\/option><option value=\"824\">Futaki B\u00f6be<\/option><option value=\"68\">Kele Monika<\/option><option value=\"11\">Kov\u00e1cs Gyul\u00e1n\u00e9<\/option><option value=\"75\">Kov\u00e1cs Magdolna<\/option><option value=\"701\">Lebbenszki Ditta<\/option><option value=\"28\">Alexandru Malnasi<\/option><option value=\"6\">Nagy Katalin<\/option><option value=\"26\">P\u00e1pai Zita<\/option><option value=\"19\">Seresn\u00e9 Bath\u00f3 M\u00e1ria \u00e9s J\u00e1nos<\/option><option value=\"58\">Sim\u00f3 K\u00e1roly<\/option><option value=\"672\">Stempel Zolt\u00e1n<\/option><option value=\"15\">Szenczin\u00e9 Farmasi Judit<\/option><option value=\"51\">Sz\u00f3r\u00e1d Erzs\u00e9bet<\/option><option value=\"7\">Temesv\u00e1rin\u00e9 Ferenczi \u00c1gnes<\/option><option value=\"698\">Veress-Bakosi Brigitta<\/option><option value=\"38\">Vizsnyai R\u00f3za<\/option>\r\n                <\/select><\/div>\r\n                \t    <\/div>\t\r\n\r\n\t    <div class=\"clearfix\">\r\n            <label class=\"vc_col-sm-4\" for=\"username\">Felhaszn\u00e1l\u00f3 n\u00e9v <span class=\"redstar\">*<\/span><\/label>\r\n            <div class=\"vc_col-sm-8\"><input type=\"text\" name=\"username\" value=\"\" required><\/div>\r\n\t    <\/div>\t\r\n\r\n\t    <div class=\"clearfix\">\r\n            <label class=\"vc_col-sm-4\" for=\"password\">Parola <span class=\"redstar\">*<\/span><\/label>\r\n            <div class=\"vc_col-sm-8\"><input type=\"password\" name=\"password\" value=\"\" required><\/div>\r\n\t    <\/div>\t\r\n\r\n\t    <div class=\"clearfix\">\r\n            <label class=\"vc_col-sm-4\" for=\"password2\">Confirma parola <span class=\"redstar\">*<\/span><\/label>\r\n            <div class=\"vc_col-sm-8\"><input type=\"password\" name=\"password2\" value=\"\" required><\/div>\r\n\t    <\/div>\t\r\n\r\n\t    <div class=\"clearfix\">\r\n            <div class=\"vc_col-sm-4\"><\/div>\r\n            <div class=\"vc_col-sm-8\" style=\"text-align: justify;\"><input type=\"checkbox\" name=\"adatvedelmi1\" value=\"1\" required> A Forever Living c\u00e9g \u00fczletpolitik\u00e1j\u00e1t elfogadom \u00e9s betartom. A Bigteam.info oldalon k\u00f6zz\u00e9tett inform\u00e1ci\u00f3kat csak a saj\u00e1t \u00e9s csapatom r\u00e9sz\u00e9re haszn\u00e1lom. Az \u00faj regisztr\u00e1lt munkat\u00e1rsaknak javaslom, hogy regisztr\u00e1ljanak erre az oldalra, \u00edgy \u0151k is hozz\u00e1juthassnak minden itt megtal\u00e1lhat\u00f3 inform\u00e1ci\u00f3hoz.<\/div>\r\n\t    <\/div>\t\r\n\r\n\t    <div class=\"clearfix\">\r\n            <div class=\"vc_col-sm-4\"><\/div>\r\n            <div class=\"vc_col-sm-8 regformcheckcont\" style=\"text-align: justify;\"><input type=\"checkbox\" name=\"adatvedelmi2\" value=\"1\" required> Megismertem \u00e9s elfogadom az <a href=\"\/adatvedelmi-nyilatkozat\/\">Adatv\u00e9delmi t\u00e1j\u00e9koztat\u00f3<\/a>ban le\u00edrtakat.<\/div>\r\n\t    <\/div>\t\r\n        <div class=\"clearfix\">\r\n            <div class=\"vc_col-sm-4\"><\/div>\r\n            <div class=\"vc_col-sm-8\">\r\n                <div class=\"g-recaptcha\" data-sitekey=\"6LcyMR4UAAAAAFqrvX2DdoM1eFWwfMKUUdJqdULg\"><\/div>\r\n            <\/div>\r\n\t    <\/div>\t\r\n        \r\n            <div class=\"crf_input_submit\">\r\n            <input type=\"submit\" name=\"submit\" value=\"\u00cenregistrare\"\/>\r\n            <\/div>\r\n        <\/form>\r\n        <\/div>\r\n    <\/div>\r\n    <div class=\"clearfix\"><\/div>\r\n    <script src=\"https:\/\/www.google.com\/recaptcha\/api.js\" async defer><\/script>\r\n\t\n<p>&nbsp;<\/p>\n<p>&nbsp;<\/p>\n","protected":false},"excerpt":{"rendered":"<p>&nbsp; \u00cenregistrare &nbsp; Bun venit! Te rog, complecteaz\u0103 formularul de mai jos. \u00cen cazul \u00een care nu \u00eentelegi un lucru, apeleaz\u0103 cu \u00eencredere la persoana care te \u00eendrum\u0103 direct \u0219i vei fi ajutat. Dup\u0103 complectare prime\u0219ti un e-mail de confirmare, verific\u0103. Dup\u0103 validarea datelor din&#8230;<\/p>\n","protected":false},"author":6,"featured_media":0,"parent":0,"menu_order":81,"comment_status":"closed","ping_status":"closed","template":"","meta":[],"_links":{"self":[{"href":"https:\/\/bigteam.info\/ro\/wp-json\/wp\/v2\/pages\/15875"}],"collection":[{"href":"https:\/\/bigteam.info\/ro\/wp-json\/wp\/v2\/pages"}],"about":[{"href":"https:\/\/bigteam.info\/ro\/wp-json\/wp\/v2\/types\/page"}],"author":[{"embeddable":true,"href":"https:\/\/bigteam.info\/ro\/wp-json\/wp\/v2\/users\/6"}],"replies":[{"embeddable":true,"href":"https:\/\/bigteam.info\/ro\/wp-json\/wp\/v2\/comments?post=15875"}],"version-history":[{"count":10,"href":"https:\/\/bigteam.info\/ro\/wp-json\/wp\/v2\/pages\/15875\/revisions"}],"predecessor-version":[{"id":15886,"href":"https:\/\/bigteam.info\/ro\/wp-json\/wp\/v2\/pages\/15875\/revisions\/15886"}],"wp:attachment":[{"href":"https:\/\/bigteam.info\/ro\/wp-json\/wp\/v2\/media?parent=15875"}],"curies":[{"name":"wp","href":"https:\/\/api.w.org\/{rel}","templated":true}]}}