{"id":15915,"date":"2016-01-09T14:27:16","date_gmt":"2016-01-09T13:27:16","guid":{"rendered":"https:\/\/bigteam.info\/ro\/?page_id=15915"},"modified":"2019-03-03T09:49:16","modified_gmt":"2019-03-03T08:49:16","slug":"conecta","status":"publish","type":"page","link":"https:\/\/bigteam.info\/ro\/conecta\/","title":{"rendered":"Conecta"},"content":{"rendered":"<p>&nbsp;<\/p>\n<h2>Bel\u00e9p\u00e9s<\/h2>\n<p>&nbsp;<\/p>\n<p>Amennyiben m\u00e1r regisztr\u00e1lt az oldalon, az al\u00e1bbi mez\u0151kben adja meg felhaszn\u00e1l\u00f3i nev\u00e9t \u00e9s jelszav\u00e1t.<\/p>\n<p>&nbsp;<\/p>\n\t\t<script type=\"text\/javascript\">\r\n\t\t\tfunction closeMessage(){jQuery('.error_wid_login').hide();}\r\n\t\t<\/script>\r\n\t\t\t<div id=\"log_forms\">\r\n\t\t<form name=\"login\" id=\"login\" method=\"post\" action=\"\">\r\n\t\t<input type=\"hidden\" name=\"option\" value=\"afo_user_login\" \/>\r\n\t\t<input type=\"hidden\" name=\"redirect\" value=\"https:\/\/bigteam.info\/ro\/kezdolap-belso\/\" \/>\r\n\t\t<div class=\"form-group\">\r\n\t\t\t<label for=\"username\">Username <\/label>\r\n\t\t\t<input type=\"text\" name=\"user_username\" required=\"required\"\/>\r\n\t\t<\/div>\r\n\t\t<div class=\"form-group\">\r\n\t\t\t<label for=\"password\">Password <\/label>\r\n\t\t\t<input type=\"password\" name=\"user_password\" required=\"required\"\/>\r\n\t\t<\/div>\r\n        \t\t<div class=\"form-group pull-right\">\r\n\t\t\t<a href=\"https:\/\/bigteam.info\/ro\/elfelejtett-jelszo\/\">Lost Password?<\/a>\t\t<\/div>\r\n\t\t<div class=\"form-group\">\r\n\t\t\t<label for=\"remember\"> Remember Me<\/label>  <input type=\"checkbox\" name=\"remember\" value=\"Yes\" \/>\t\t<\/div>\r\n\t\t<div class=\"form-group\"><label for=\"login\">&nbsp;<\/label><input name=\"login\" type=\"submit\" value=\"Login\" \/><\/div>\r\n\t\t<\/form>\r\n\t\t<\/div>\r\n\t\t\n<p>&nbsp;<\/p>\n","protected":false},"excerpt":{"rendered":"<p>&nbsp; Bel\u00e9p\u00e9s &nbsp; Amennyiben m\u00e1r regisztr\u00e1lt az oldalon, az al\u00e1bbi mez\u0151kben adja meg felhaszn\u00e1l\u00f3i nev\u00e9t \u00e9s jelszav\u00e1t. &nbsp; &nbsp;<\/p>\n","protected":false},"author":1,"featured_media":0,"parent":0,"menu_order":72,"comment_status":"closed","ping_status":"closed","template":"","meta":[],"_links":{"self":[{"href":"https:\/\/bigteam.info\/ro\/wp-json\/wp\/v2\/pages\/15915"}],"collection":[{"href":"https:\/\/bigteam.info\/ro\/wp-json\/wp\/v2\/pages"}],"about":[{"href":"https:\/\/bigteam.info\/ro\/wp-json\/wp\/v2\/types\/page"}],"author":[{"embeddable":true,"href":"https:\/\/bigteam.info\/ro\/wp-json\/wp\/v2\/users\/1"}],"replies":[{"embeddable":true,"href":"https:\/\/bigteam.info\/ro\/wp-json\/wp\/v2\/comments?post=15915"}],"version-history":[{"count":1,"href":"https:\/\/bigteam.info\/ro\/wp-json\/wp\/v2\/pages\/15915\/revisions"}],"predecessor-version":[{"id":15916,"href":"https:\/\/bigteam.info\/ro\/wp-json\/wp\/v2\/pages\/15915\/revisions\/15916"}],"wp:attachment":[{"href":"https:\/\/bigteam.info\/ro\/wp-json\/wp\/v2\/media?parent=15915"}],"curies":[{"name":"wp","href":"https:\/\/api.w.org\/{rel}","templated":true}]}}