{"id":16839,"date":"2016-02-25T14:58:45","date_gmt":"2016-02-25T13:58:45","guid":{"rendered":"https:\/\/bigteam.info\/ro\/?page_id=16839"},"modified":"2019-03-03T09:49:15","modified_gmt":"2019-03-03T08:49:15","slug":"adatvedelmi-nyilatkozat","status":"publish","type":"page","link":"https:\/\/bigteam.info\/ro\/adatvedelmi-nyilatkozat\/","title":{"rendered":"Adatv\u00e9delmi nyilatkozat"},"content":{"rendered":"<div class=\"entry-content\">\n<h3>Politica de confidentialitate<\/h3>\n<p>Az &#8230;n\u00e9v&#8230;. (tov\u00e1bbiakban: Adatkezel\u0151) online \u00e9rt\u00e9kes\u00edt\u00e9si tev\u00e9kenys\u00e9g\u00e9vel kapcsolatban kezeli a regisztr\u00e1lt felhaszn\u00e1l\u00f3k szem\u00e9lyes adatait, kiz\u00e1r\u00f3lag a megrendel\u00e9sek teljes\u00edt\u00e9s\u00e9nek c\u00e9lj\u00e1b\u00f3l, \u00e9s a teljes\u00edt\u00e9ssel kapcsolatos k\u00f6telezetts\u00e9ge (sz\u00e1ml\u00e1z\u00e1s) teljes\u00edt\u00e9se \u00e9rdek\u00e9ben. Csak olyan szem\u00e9lyes adatot kezel, amely az adatkezel\u00e9s c\u00e9lj\u00e1nak megval\u00f3sul\u00e1s\u00e1hoz elengedhetetlen, \u00e9s a c\u00e9l el\u00e9r\u00e9s\u00e9re alkalmas. A szem\u00e9lyes adatokat csak a c\u00e9l megval\u00f3sul\u00e1s\u00e1hoz sz\u00fcks\u00e9ges m\u00e9rt\u00e9kben \u00e9s ideig kezeli.<\/p>\n<p>Az Adatkezel\u0151 minden elv\u00e1rhat\u00f3 m\u00f3don v\u00e9di a regisztr\u00e1lt felhaszn\u00e1l\u00f3knak a web\u00e1ruh\u00e1zban kezelt szem\u00e9lyes adatait.<\/p>\n<p>Az adatkezel\u0151 c\u00edme: &#8230;..c\u00edm&#8230;..<br \/>\nAz adatkezel\u0151 el\u00e9rhet\u0151s\u00e9ge: info@bigteam.info<\/p>\n<p>Az adatkezel\u00e9s jogalapja: 2011. \u00e9vi CXII. t\u00f6rv\u00e9ny az inform\u00e1ci\u00f3s \u00f6nrendelkez\u00e9si jogr\u00f3l \u00e9s az inform\u00e1ci\u00f3szabads\u00e1gr\u00f3l 5. \u00a7 (1) bekezd\u00e9s a) Az \u00e9rintett hozz\u00e1j\u00e1rul\u00e1sa.<\/p>\n<p>Hozz\u00e1j\u00e1rul\u00e1s az adatkezel\u00e9shez: A felhaszn\u00e1l\u00f3 regisztr\u00e1ci\u00f3n\u00e1l kifejezetten hozz\u00e1j\u00e1rul\u00e1s\u00e1t adja az \u00e1ltala \u00f6nk\u00e9ntesen megadott szem\u00e9lyes adatainak kezel\u00e9s\u00e9hez.<\/p>\n<p>Az \u00e9rintettek k\u00f6re: regisztr\u00e1lt felhaszn\u00e1l\u00f3k<\/p>\n<p>A kezelt adatok k\u00f6re: a regisztr\u00e1lt felhaszn\u00e1l\u00f3k \u00e1ltal a regisztr\u00e1ci\u00f3 sor\u00e1n megadott a megrendel\u00e9s teljes\u00edt\u00e9s\u00e9hez sz\u00fcks\u00e9ges adatok: N\u00e9v, El\u00e9rhet\u0151s\u00e9g (telefon, email), Sz\u00e1ll\u00edt\u00e1si c\u00edm, Sz\u00e1ml\u00e1z\u00e1si c\u00edm<\/p>\n<p>Az adatgy\u0171jt\u00e9s c\u00e9lja: a megrendel\u00e9sek teljes\u00edt\u00e9se \u00e9s sz\u00e1ml\u00e1z\u00e1s.<\/p>\n<p>Az adatok megismer\u00e9s\u00e9re jogosult lehets\u00e9ges adatkezel\u0151k szem\u00e9lye:<\/p>\n<ul>\n<li>Az Adatkezel\u0151<\/li>\n<li>Oldalon regisztr\u00e1lt managerek<\/li>\n<\/ul>\n<p>Az adatkezel\u00e9s id\u0151tartama: az elektronikusan t\u00e1rolt szem\u00e9lyes adatok a megrendel\u00e9s teljes\u00edt\u00e9s\u00e9t k\u00f6vet\u0151en nem ker\u00fclnek t\u00f6rl\u00e9sre mind addig, m\u00edg a regisztr\u00e1lt \u00edr\u00e1sban nem k\u00e9ri.<\/p>\n<p>A csapat tagok k\u00e9relmezheti az adatkezel\u0151n\u00e9l<\/p>\n<ul>\n<li>t\u00e1j\u00e9koztat\u00e1s\u00e1t szem\u00e9lyes adatai kezel\u00e9s\u00e9r\u0151l,<\/li>\n<li>szem\u00e9lyes adatainak helyesb\u00edt\u00e9s\u00e9t,<\/li>\n<li>szem\u00e9lyes adatainak t\u00f6rl\u00e9s\u00e9t vagy z\u00e1rol\u00e1s\u00e1t.<\/li>\n<\/ul>\n<p>Ha kor\u00e1bban megrendel\u00e9st k\u00fcld\u00f6tt el, akkor a megrendel\u00e9shez az elk\u00fcld\u00e9s pillanat\u00e1ban \u00e9rv\u00e9nyes adatok lettek csatolva. A megrendel\u00e9shez kapcsolt szem\u00e9lyes adatair\u00f3l t\u00e1j\u00e9koztat\u00e1st, ezek m\u00f3dos\u00edt\u00e1s\u00e1t vagy t\u00f6rl\u00e9s\u00e9t az adatkezel\u0151n\u00e9l e-mailben kezdem\u00e9nyezheti.<\/p>\n<p>Az adatkezel\u0151 a k\u00e9relem beny\u00fajt\u00e1s\u00e1t\u00f3l sz\u00e1m\u00edtott legr\u00f6videbb id\u0151 alatt, legfeljebb azonban 10 napon bel\u00fcl, k\u00f6z\u00e9rthet\u0151 form\u00e1ban, a regisztr\u00e1lt felhaszn\u00e1l\u00f3 erre ir\u00e1nyul\u00f3 k\u00e9relm\u00e9re \u00edr\u00e1sban megadja a t\u00e1j\u00e9koztat\u00e1st. Ha a regisztr\u00e1lt felhaszn\u00e1l\u00f3 k\u00e9relm\u00e9t jogosnak tal\u00e1lja, akkor halad\u00e9ktalanul int\u00e9zkedik a szem\u00e9lyes adatainak helyesb\u00edt\u00e9se vagy t\u00f6rl\u00e9se \u00e9rdek\u00e9ben.<\/p>\n<p>Ha a regisztr\u00e1lt felhaszn\u00e1l\u00f3 nem el\u00e9gedett az adatkezel\u0151 v\u00e1lasz\u00e1val, akkor szem\u00e9lyes adatai v\u00e9delm\u00e9hez val\u00f3 jog\u00e1t polg\u00e1ri b\u00edr\u00f3s\u00e1g el\u0151tt \u00e9rv\u00e9nyes\u00edtheti, tov\u00e1bb\u00e1 a Nemzeti Adatv\u00e9delmi \u00e9s Inform\u00e1ci\u00f3szabads\u00e1g Hat\u00f3s\u00e1ghoz (<a href=\"http:\/\/www.naih.hu\/kapcsolat.html\" target=\"_blank\">www.naih.hu\/kapcsolat.html<\/a>) fordulhat.<\/p>\n<p>A 2011. \u00e9vi CXII. t\u00f6rv\u00e9ny az inform\u00e1ci\u00f3s \u00f6nrendelkez\u00e9si jogr\u00f3l \u00e9s az inform\u00e1ci\u00f3szabads\u00e1gr\u00f3l itt olvashat\u00f3: Nemzeti Jogszab\u00e1lyt\u00e1r (<a href=\"http:\/\/www.njt.hu\" target=\"_blank\">www.njt.hu<\/a>)<\/p>\n<\/div>\n","protected":false},"excerpt":{"rendered":"<p>Politica de confidentialitate Az &#8230;n\u00e9v&#8230;. (tov\u00e1bbiakban: Adatkezel\u0151) online \u00e9rt\u00e9kes\u00edt\u00e9si tev\u00e9kenys\u00e9g\u00e9vel kapcsolatban kezeli a regisztr\u00e1lt felhaszn\u00e1l\u00f3k szem\u00e9lyes adatait, kiz\u00e1r\u00f3lag a megrendel\u00e9sek teljes\u00edt\u00e9s\u00e9nek c\u00e9lj\u00e1b\u00f3l, \u00e9s a teljes\u00edt\u00e9ssel kapcsolatos k\u00f6telezetts\u00e9ge (sz\u00e1ml\u00e1z\u00e1s) teljes\u00edt\u00e9se \u00e9rdek\u00e9ben. Csak olyan szem\u00e9lyes adatot kezel, amely az adatkezel\u00e9s c\u00e9lj\u00e1nak megval\u00f3sul\u00e1s\u00e1hoz elengedhetetlen, \u00e9s a c\u00e9l el\u00e9r\u00e9s\u00e9re&#8230;<\/p>\n","protected":false},"author":1,"featured_media":0,"parent":0,"menu_order":66,"comment_status":"closed","ping_status":"closed","template":"","meta":[],"_links":{"self":[{"href":"https:\/\/bigteam.info\/ro\/wp-json\/wp\/v2\/pages\/16839"}],"collection":[{"href":"https:\/\/bigteam.info\/ro\/wp-json\/wp\/v2\/pages"}],"about":[{"href":"https:\/\/bigteam.info\/ro\/wp-json\/wp\/v2\/types\/page"}],"author":[{"embeddable":true,"href":"https:\/\/bigteam.info\/ro\/wp-json\/wp\/v2\/users\/1"}],"replies":[{"embeddable":true,"href":"https:\/\/bigteam.info\/ro\/wp-json\/wp\/v2\/comments?post=16839"}],"version-history":[{"count":3,"href":"https:\/\/bigteam.info\/ro\/wp-json\/wp\/v2\/pages\/16839\/revisions"}],"predecessor-version":[{"id":16962,"href":"https:\/\/bigteam.info\/ro\/wp-json\/wp\/v2\/pages\/16839\/revisions\/16962"}],"wp:attachment":[{"href":"https:\/\/bigteam.info\/ro\/wp-json\/wp\/v2\/media?parent=16839"}],"curies":[{"name":"wp","href":"https:\/\/api.w.org\/{rel}","templated":true}]}}