{"id":17659,"date":"2016-05-12T22:54:54","date_gmt":"2016-05-12T20:54:54","guid":{"rendered":"https:\/\/bigteam.info\/ro\/?page_id=17659"},"modified":"2019-03-03T09:49:19","modified_gmt":"2019-03-03T08:49:19","slug":"nincs-jogosultsaga","status":"publish","type":"page","link":"https:\/\/bigteam.info\/ro\/nincs-jogosultsaga\/","title":{"rendered":"Nincs jogosults\u00e1ga"},"content":{"rendered":"<p>&nbsp;<\/p>\n<p>&nbsp;<\/p>\n<h1 style=\"text-align: center;\"><span style=\"color: #ff0000;\">Az oldal megtekint\u00e9s\u00e9hez nincs jogosults\u00e1ga!<\/span><\/h1>\n<p>&nbsp;<\/p>\n<h3 style=\"text-align: center;\">Az oldal megtekint\u00e9s\u00e9hez regisztr\u00e1lnia kell \u00e9s csak az \u00d6n managere j\u00f3v\u00e1hagy\u00e1sa ut\u00e1n f\u00e9rhet hozz\u00e1 a weboldalhoz!<\/h3>\n<p>&nbsp;<\/p>\n<p>&nbsp;<\/p>\n<p>&nbsp;<\/p>\n","protected":false},"excerpt":{"rendered":"<p>&nbsp; &nbsp; Az oldal megtekint\u00e9s\u00e9hez nincs jogosults\u00e1ga! &nbsp; Az oldal megtekint\u00e9s\u00e9hez regisztr\u00e1lnia kell \u00e9s csak az \u00d6n managere j\u00f3v\u00e1hagy\u00e1sa ut\u00e1n f\u00e9rhet hozz\u00e1 a weboldalhoz! &nbsp; &nbsp; &nbsp;<\/p>\n","protected":false},"author":6,"featured_media":0,"parent":0,"menu_order":86,"comment_status":"closed","ping_status":"closed","template":"","meta":[],"_links":{"self":[{"href":"https:\/\/bigteam.info\/ro\/wp-json\/wp\/v2\/pages\/17659"}],"collection":[{"href":"https:\/\/bigteam.info\/ro\/wp-json\/wp\/v2\/pages"}],"about":[{"href":"https:\/\/bigteam.info\/ro\/wp-json\/wp\/v2\/types\/page"}],"author":[{"embeddable":true,"href":"https:\/\/bigteam.info\/ro\/wp-json\/wp\/v2\/users\/6"}],"replies":[{"embeddable":true,"href":"https:\/\/bigteam.info\/ro\/wp-json\/wp\/v2\/comments?post=17659"}],"version-history":[{"count":1,"href":"https:\/\/bigteam.info\/ro\/wp-json\/wp\/v2\/pages\/17659\/revisions"}],"predecessor-version":[{"id":17668,"href":"https:\/\/bigteam.info\/ro\/wp-json\/wp\/v2\/pages\/17659\/revisions\/17668"}],"wp:attachment":[{"href":"https:\/\/bigteam.info\/ro\/wp-json\/wp\/v2\/media?parent=17659"}],"curies":[{"name":"wp","href":"https:\/\/api.w.org\/{rel}","templated":true}]}}